{"id":110,"date":"2023-09-20T15:26:50","date_gmt":"2023-09-20T13:26:50","guid":{"rendered":"https:\/\/maklermartin.digiamo.cz\/maklermartin\/?page_id=110"},"modified":"2023-09-20T15:27:21","modified_gmt":"2023-09-20T13:27:21","slug":"caste-dotazy","status":"publish","type":"page","link":"https:\/\/maklermartin.digiamo.cz\/maklermartin\/caste-dotazy\/","title":{"rendered":"Co m\u00e9 klienty nej\u010dast\u011bji zaj\u00edm\u00e1"},"content":{"rendered":"\n<p>Na t\u00e9to str\u00e1nce najdete nej\u010dast\u011bji kladen\u00e9 dotazy m\u00fdch klient\u016f, kter\u00e9 jsem pro v\u00e1s shrom\u00e1\u017edil. Pokud nenaleznete odpov\u011b\u010f, kterou hled\u00e1te, kontaktujte m\u011b. R\u00e1d v\u00e1m s\u202f\u010d\u00edmkoli porad\u00edm.<\/p>\n","protected":false},"excerpt":{"rendered":"<p>Na t\u00e9to str\u00e1nce najdete nej\u010dast\u011bji kladen\u00e9 dotazy m\u00fdch klient\u016f, kter\u00e9 jsem pro v\u00e1s shrom\u00e1\u017edil. Pokud nenaleznete odpov\u011b\u010f, kterou hled\u00e1te, kontaktujte m\u011b. R\u00e1d v\u00e1m s\u202f\u010d\u00edmkoli porad\u00edm.<\/p>\n","protected":false},"author":1,"featured_media":0,"parent":0,"menu_order":0,"comment_status":"closed","ping_status":"closed","template":"","meta":{"footnotes":""},"class_list":["post-110","page","type-page","status-publish","hentry"],"meta_box":[],"_links":{"self":[{"href":"https:\/\/maklermartin.digiamo.cz\/maklermartin\/wp-json\/wp\/v2\/pages\/110","targetHints":{"allow":["GET"]}}],"collection":[{"href":"https:\/\/maklermartin.digiamo.cz\/maklermartin\/wp-json\/wp\/v2\/pages"}],"about":[{"href":"https:\/\/maklermartin.digiamo.cz\/maklermartin\/wp-json\/wp\/v2\/types\/page"}],"author":[{"embeddable":true,"href":"https:\/\/maklermartin.digiamo.cz\/maklermartin\/wp-json\/wp\/v2\/users\/1"}],"replies":[{"embeddable":true,"href":"https:\/\/maklermartin.digiamo.cz\/maklermartin\/wp-json\/wp\/v2\/comments?post=110"}],"version-history":[{"count":2,"href":"https:\/\/maklermartin.digiamo.cz\/maklermartin\/wp-json\/wp\/v2\/pages\/110\/revisions"}],"predecessor-version":[{"id":112,"href":"https:\/\/maklermartin.digiamo.cz\/maklermartin\/wp-json\/wp\/v2\/pages\/110\/revisions\/112"}],"wp:attachment":[{"href":"https:\/\/maklermartin.digiamo.cz\/maklermartin\/wp-json\/wp\/v2\/media?parent=110"}],"curies":[{"name":"wp","href":"https:\/\/api.w.org\/{rel}","templated":true}]}}